{"id":379,"date":"2022-10-05T17:47:36","date_gmt":"2022-10-05T15:47:36","guid":{"rendered":"http:\/\/www.skovdesaints.com\/wordpress\/?page_id=379"},"modified":"2025-02-23T22:38:54","modified_gmt":"2025-02-23T21:38:54","slug":"bli-medlem","status":"publish","type":"page","link":"https:\/\/www.skovdesaints.com\/wordpress\/bli-medlem\/","title":{"rendered":"Bli Medlem"},"content":{"rendered":"<p><b><img decoding=\"async\" src=\"http:\/\/www.skovdesaints.com\/wordpress\/wp-content\/uploads\/2022\/10\/SAINTS_1581-150x150.jpg\" alt=\"\" width=\"150\" height=\"150\" \/><br \/><\/b><\/p>\n<p><b style=\"font-size: inherit; text-align: inherit; color: var( --e-global-color-text ); font-family: var( --e-global-typography-text-font-family ), Sans-serif;\">Medlemsavgifter\u00a0<\/b><b style=\"font-size: inherit; text-align: inherit; color: var( --e-global-color-text ); font-family: var( --e-global-typography-text-font-family ), Sans-serif;\">Sk\u00f6vde Saints BSK, uppdaterade 2025<\/b><\/p>\n<p><b>St\u00f6dmedlem: 300: &#8211;<\/b><\/p>\n<p><b>Motion\u00e4r: 400: &#8211;<\/b><\/p>\n<p><b>Aktiv Junior: 500: &#8211; <\/b>(tom det \u00e5r man fyller 15)<\/p>\n<pre style=\"margin-bottom: 0cm; line-height: normal;\">Vid flera juniorer fr\u00e5n samma familj:\u00a0 \u00a0 \u00a0 \u00a0 \u00a0 \u00a0EXEMPEL1: Familj med tv\u00e5 barn betalar 500:- + 375:-   <br \/>Barn1= 100% av 500:- = <b>500:-                             <\/b> <strong>totalt: 875:-<\/strong> <br \/>Barn2= 75% av 500:- = <b>375:-<\/b><br \/>Barn3 och upp\u00e5t= 50% av 500:- = <b>250:-           <\/b>EXEMPEL2: Familj med tre barn betalar 500:- + 375:-<br \/>                                                         \u00a0+ 250:- <strong>totalt: 1125:-<\/strong><\/pre>\n<p><b>Aktiv Senior: 700: &#8211;\u00a0 \u00a0 \u00a0 \u00a0 \u00a0 \u00a0 \u00a0 \u00a0 \u00a0 \u00a0 \u00a0 \u00a0 \u00a0 \u00a0 \u00a0 \u00a0 \u00a0 \u00a0 \u00a0 \u00a0 \u00a0 \u00a0 \u00a0 \u00a0 \u00a0 \u00a0 \u00a0 \u00a0 \u00a0 \u00a0 \u00a0<\/b><br \/>(from det \u00e5r man fyller 16)<\/p>\n<p><b>Spelaravgift: 1000: &#8211;<\/b><br \/>(endast seriespelande seniorer, b\u00e5de Softboll &amp; Baseboll)<\/p>\n<p><b>Alla avgifter betalas in p\u00e5 v\u00e5rt bankgiro 5915-3387.<\/b><\/p>\n<p><b style=\"font-size: inherit; text-align: inherit; color: var( --e-global-color-text ); font-family: var( --e-global-typography-text-font-family ), Sans-serif;\">M\u00e4rk inbetalningen med medlemmens f\u00f6r och efternamn.<\/b><\/p>\n\n        <script type=\"text\/javascript\">\n         function cp_contactformtoemail_pform_doValidate_1(form)\n         {\n            document.cp_contactformtoemail_pform_1.cp_ref_page.value = document.location;\n            $dexQuery = jQuery.noConflict();            {\n                var cpefb_error = 0;\n                $dexQuery(\"#cp_contactformtoemail_pform_1\").find(\".cpefb_error\").each(function(index){\n                    if ($dexQuery(this).css(\"display\")!=\"none\")\n                        cpefb_error++;\n                    });\n                if (cpefb_error) return false;\n                if (document.cp_contactformtoemail_pform_1.cp_contactformtoemail_pform_status.value != '0')\n                           return false;\n                document.getElementById(\"refpage_1\").value = document.location;\n                cfte_blink(\".pbSubmit\");\n                document.cp_contactformtoemail_pform_1.cp_contactformtoemail_pform_status.value = '2';return true;            }\n         }\n         function cfte_blink(selector){\n                 try {\n                     $dexQuery = jQuery.noConflict();\n                     $dexQuery(selector).fadeOut(700, function(){\n                         $dexQuery(this).fadeIn(700, function(){\n                             try {\n                                 if (document.cp_contactformtoemail_pform_1.cp_contactformtoemail_pform_status.value != '0')\n                                     cfte_blink(this);\n                             } catch (e) {}\n                         });\n                     });\n                 } catch (e) {}\n         }\n         function cp_contactformtoemail_cerror_1(){$dexQuery = jQuery.noConflict();$dexQuery(\"#hdcaptcha_error_1\").css('top',$dexQuery(\"#hdcaptcha_cp_contactformtoemail_post_1\").outerHeight());$dexQuery(\"#hdcaptcha_error_1\").css(\"display\",\"inline\");}\n        <\/script>\n        <div id=\"cftedialog\" style=\"display:none;\"><\/div>\n        <form class=\"cpp_form no-prefetch\" name=\"cp_contactformtoemail_pform_1\" id=\"cp_contactformtoemail_pform_1\" action=\"\/wordpress\/bli-medlem\/?ahbnocache=557558\" method=\"post\" enctype=\"multipart\/form-data\" onsubmit=\"return cp_contactformtoemail_pform_doValidate_1(this);\"><input type=\"hidden\" name=\"cp_pform_psequence\" value=\"_1\" \/><input type=\"hidden\" name=\"cp_contactformtoemail_pform_process\" value=\"1\" \/><input type=\"hidden\" name=\"cp_contactformtoemail_id\" value=\"3\" \/><input type=\"hidden\" name=\"cp_ref_page\" value=\"\" \/><input type=\"hidden\" name=\"form_structure_1\" id=\"form_structure_1\" size=\"180\" value=\"[[{&quot;name&quot;:&quot;fieldname2&quot;,&quot;index&quot;:0,&quot;title&quot;:&quot;F\\u00f6r och Efternamn Spelare&quot;,&quot;shortlabel&quot;:&quot;&quot;,&quot;ftype&quot;:&quot;ftext&quot;,&quot;userhelp&quot;:&quot;&quot;,&quot;userhelpTooltip&quot;:&quot;&quot;,&quot;csslayout&quot;:&quot;&quot;,&quot;predefined&quot;:&quot;&quot;,&quot;predefinedClick&quot;:false,&quot;required&quot;:true,&quot;size&quot;:&quot;medium&quot;,&quot;minlength&quot;:&quot;&quot;,&quot;maxlength&quot;:&quot;&quot;,&quot;equalTo&quot;:&quot;&quot;},{&quot;name&quot;:&quot;fieldname5&quot;,&quot;index&quot;:1,&quot;title&quot;:&quot;Personnummer spelare (10 siffror)&quot;,&quot;shortlabel&quot;:&quot;&quot;,&quot;ftype&quot;:&quot;ftext&quot;,&quot;userhelp&quot;:&quot;&quot;,&quot;userhelpTooltip&quot;:&quot;&quot;,&quot;csslayout&quot;:&quot;&quot;,&quot;predefined&quot;:&quot;&quot;,&quot;predefinedClick&quot;:false,&quot;required&quot;:true,&quot;size&quot;:&quot;medium&quot;,&quot;minlength&quot;:&quot;&quot;,&quot;maxlength&quot;:&quot;&quot;,&quot;equalTo&quot;:&quot;&quot;},{&quot;name&quot;:&quot;fieldname3&quot;,&quot;index&quot;:2,&quot;title&quot;:&quot;M\\u00e5lsman (om omyndig spelare)&quot;,&quot;shortlabel&quot;:&quot;&quot;,&quot;ftype&quot;:&quot;ftext&quot;,&quot;userhelp&quot;:&quot;&quot;,&quot;userhelpTooltip&quot;:&quot;&quot;,&quot;csslayout&quot;:&quot;&quot;,&quot;predefined&quot;:&quot;&quot;,&quot;predefinedClick&quot;:false,&quot;required&quot;:false,&quot;size&quot;:&quot;medium&quot;,&quot;minlength&quot;:&quot;&quot;,&quot;maxlength&quot;:&quot;&quot;,&quot;equalTo&quot;:&quot;&quot;},{&quot;name&quot;:&quot;fieldname7&quot;,&quot;index&quot;:3,&quot;title&quot;:&quot; M\\u00e5lsman Personnummer (om omyndig spelare)&quot;,&quot;shortlabel&quot;:&quot;&quot;,&quot;ftype&quot;:&quot;ftext&quot;,&quot;userhelp&quot;:&quot;&quot;,&quot;userhelpTooltip&quot;:&quot;&quot;,&quot;csslayout&quot;:&quot;&quot;,&quot;predefined&quot;:&quot;&quot;,&quot;predefinedClick&quot;:false,&quot;required&quot;:false,&quot;size&quot;:&quot;medium&quot;,&quot;minlength&quot;:&quot;&quot;,&quot;maxlength&quot;:&quot;&quot;,&quot;equalTo&quot;:&quot;&quot;},{&quot;name&quot;:&quot;fieldname6&quot;,&quot;index&quot;:4,&quot;title&quot;:&quot;Fullst\\u00e4ndig Postadress&quot;,&quot;shortlabel&quot;:&quot;&quot;,&quot;ftype&quot;:&quot;ftextarea&quot;,&quot;userhelp&quot;:&quot;&quot;,&quot;userhelpTooltip&quot;:&quot;&quot;,&quot;csslayout&quot;:&quot;&quot;,&quot;predefined&quot;:&quot;&quot;,&quot;predefinedClick&quot;:false,&quot;required&quot;:true,&quot;size&quot;:&quot;medium&quot;,&quot;minlength&quot;:&quot;&quot;,&quot;maxlength&quot;:&quot;&quot;},{&quot;name&quot;:&quot;email&quot;,&quot;index&quot;:5,&quot;title&quot;:&quot;E-post&quot;,&quot;ftype&quot;:&quot;femail&quot;,&quot;userhelp&quot;:&quot;&quot;,&quot;csslayout&quot;:&quot;&quot;,&quot;required&quot;:true,&quot;predefined&quot;:&quot;&quot;,&quot;size&quot;:&quot;medium&quot;,&quot;shortlabel&quot;:&quot;&quot;,&quot;userhelpTooltip&quot;:&quot;&quot;,&quot;predefinedClick&quot;:false,&quot;equalTo&quot;:&quot;&quot;},{&quot;name&quot;:&quot;fieldname4&quot;,&quot;index&quot;:6,&quot;message&quot;:&quot;Behandling av personuppgifter\\nSom medlem i denna f\\u00f6rening kommer f\\u00f6reningen att behandla flertalet personuppgifter om dig. Detta f\\u00f6r att f\\u00f6reningen ska kunna administrera sin verksamhet. F\\u00f6reningen har ansvaret f\\u00f6r att behandlingen av personuppgifterna \\u00e4r f\\u00f6renligt med g\\u00e4llande lagstiftning samt Idrottens Uppf\\u00f6randekod f\\u00f6r behandling av personuppgifter. Ditt personnummer kan komma att samk\\u00f6ras mot statens personadressregister (SPAR) f\\u00f6r uppdatering av f\\u00f6reningens medlemsregister. Samk\\u00f6rningen genomf\\u00f6rs f\\u00f6r att fullg\\u00f6ra v\\u00e5r skyldighet att s\\u00e4kerst\\u00e4lla att dina personuppgifter \\u00e4r uppdaterade och korrekta.\\n\\nOm du har skyddade personuppgifter eller av andra s\\u00e4rskilda sk\\u00e4l inte har m\\u00f6jlighet att uppge fullst\\u00e4ndiga personuppgifter, kontakta f\\u00f6reningens administrat\\u00f6r f\\u00f6r att ans\\u00f6ka om medlemskap.&quot;,&quot;shortlabel&quot;:&quot;&quot;,&quot;ftype&quot;:&quot;facceptance&quot;,&quot;userhelp&quot;:&quot;&quot;,&quot;userhelpTooltip&quot;:&quot;&quot;,&quot;csslayout&quot;:&quot;&quot;,&quot;title&quot;:&quot;Accept terms and conditions&quot;,&quot;value&quot;:&quot;I accept&quot;,&quot;required&quot;:true,&quot;url&quot;:&quot;&quot;}],[{&quot;title&quot;:&quot;&quot;,&quot;description&quot;:&quot;Medlemsans\\u00f6kan&quot;,&quot;formlayout&quot;:&quot;top_aligned&quot;}]]\" \/><input type=\"hidden\" name=\"refpage_1\" id=\"refpage_1\" value=\"\"><input type=\"hidden\" name=\"cp_contactformtoemail_pform_status\" value=\"0\" \/><input name=\"anonce\" type=\"hidden\" value=\"975dc50077\"\/><input name=\"cftehp\" id=\"cftehp_1\" type=\"hidden\" value=\"1\"\/>\r\n<div id=\"fbuilder\">    \r\n    <div id=\"fbuilder_1\">\r\n        <div id=\"formheader_1\"><\/div>\r\n        <div id=\"fieldlist_1\"><\/div>\r\n    <\/div>\r\n<\/div>    \r\n<div style=\"display:none\">\r\n<input name=\"cftecontrolmessage\" type=\"text\" value=\"\"\/> \r\n<div id=\"cpcaptchalayer_1\" class=\"cpcaptchalayer\">\r\n<\/div>\r\n<\/div>\r\n<div id=\"cp_subbtn_1\" class=\"cp_subbtn\">Submit<\/div>\r\n<\/form>\r\n<script>\r\ntry{document.getElementById(\"cftehp_1\").value=\"25\";}catch(e){}\r\n<\/script>\r\n","protected":false},"excerpt":{"rendered":"<p>Medlemsavgifter\u00a0Sk\u00f6vde Saints BSK, uppdaterade 2025 St\u00f6dmedlem: 300: &#8211; Motion\u00e4r: 400: &#8211; Aktiv Junior: 500: &#8211; (tom det \u00e5r man fyller 15) Vid flera juniorer fr\u00e5n samma familj:\u00a0 \u00a0 \u00a0 \u00a0 \u00a0 \u00a0EXEMPEL1: Familj med tv\u00e5 barn betalar 500:- + 375:- Barn1= 100% av 500:- = 500:- totalt: 875:- Barn2= 75% av 500:- = 375:-Barn3 och [&hellip;]<\/p>\n","protected":false},"author":1,"featured_media":0,"parent":0,"menu_order":0,"comment_status":"closed","ping_status":"closed","template":"","meta":{"footnotes":""},"class_list":["post-379","page","type-page","status-publish","hentry"],"_links":{"self":[{"href":"https:\/\/www.skovdesaints.com\/wordpress\/wp-json\/wp\/v2\/pages\/379","targetHints":{"allow":["GET"]}}],"collection":[{"href":"https:\/\/www.skovdesaints.com\/wordpress\/wp-json\/wp\/v2\/pages"}],"about":[{"href":"https:\/\/www.skovdesaints.com\/wordpress\/wp-json\/wp\/v2\/types\/page"}],"author":[{"embeddable":true,"href":"https:\/\/www.skovdesaints.com\/wordpress\/wp-json\/wp\/v2\/users\/1"}],"replies":[{"embeddable":true,"href":"https:\/\/www.skovdesaints.com\/wordpress\/wp-json\/wp\/v2\/comments?post=379"}],"version-history":[{"count":25,"href":"https:\/\/www.skovdesaints.com\/wordpress\/wp-json\/wp\/v2\/pages\/379\/revisions"}],"predecessor-version":[{"id":1657,"href":"https:\/\/www.skovdesaints.com\/wordpress\/wp-json\/wp\/v2\/pages\/379\/revisions\/1657"}],"wp:attachment":[{"href":"https:\/\/www.skovdesaints.com\/wordpress\/wp-json\/wp\/v2\/media?parent=379"}],"curies":[{"name":"wp","href":"https:\/\/api.w.org\/{rel}","templated":true}]}}