{"id":1201,"date":"2022-10-22T22:57:02","date_gmt":"2022-10-22T20:57:02","guid":{"rendered":"http:\/\/www.skovdesaints.com\/wordpress\/?page_id=1201"},"modified":"2023-01-02T12:45:25","modified_gmt":"2023-01-02T11:45:25","slug":"trygg-idrott","status":"publish","type":"page","link":"https:\/\/www.skovdesaints.com\/wordpress\/trygg-idrott\/","title":{"rendered":"Trygg Idrott"},"content":{"rendered":"\t\t<div data-elementor-type=\"wp-page\" data-elementor-id=\"1201\" class=\"elementor elementor-1201\">\n\t\t\t\t\t\t\t\t\t<section class=\"elementor-section elementor-top-section elementor-element elementor-element-415cf168 elementor-section-boxed elementor-section-height-default elementor-section-height-default\" data-id=\"415cf168\" data-element_type=\"section\">\n\t\t\t\t\t\t<div class=\"elementor-container elementor-column-gap-default\">\n\t\t\t\t\t<div class=\"elementor-column elementor-col-100 elementor-top-column elementor-element elementor-element-7f11d19f\" data-id=\"7f11d19f\" data-element_type=\"column\">\n\t\t\t<div class=\"elementor-widget-wrap elementor-element-populated\">\n\t\t\t\t\t\t\t\t<div class=\"elementor-element elementor-element-7e7cf846 elementor-widget elementor-widget-text-editor\" data-id=\"7e7cf846\" data-element_type=\"widget\" data-widget_type=\"text-editor.default\">\n\t\t\t\t<div class=\"elementor-widget-container\">\n\t\t\t<style>\/*! elementor - v3.18.0 - 20-12-2023 *\/\n.elementor-widget-text-editor.elementor-drop-cap-view-stacked .elementor-drop-cap{background-color:#69727d;color:#fff}.elementor-widget-text-editor.elementor-drop-cap-view-framed .elementor-drop-cap{color:#69727d;border:3px solid;background-color:transparent}.elementor-widget-text-editor:not(.elementor-drop-cap-view-default) .elementor-drop-cap{margin-top:8px}.elementor-widget-text-editor:not(.elementor-drop-cap-view-default) .elementor-drop-cap-letter{width:1em;height:1em}.elementor-widget-text-editor .elementor-drop-cap{float:left;text-align:center;line-height:1;font-size:50px}.elementor-widget-text-editor .elementor-drop-cap-letter{display:inline-block}<\/style>\t\t\t\t<p><!-- wp:paragraph --><\/p>\n<p>Alla v\u00e5ra ledare har genomg\u00e5tt utbildning enligt Idrottsbrevets koncept och registerkontrolleras regelbundet enligt Riksidrottsf\u00f6rbundets (RF) riktlinjer.<\/p>\n<p>F\u00f6reningen har utarbetat krishanteringsplaner.<\/p>\n<p>Vi arbetar \u00e4ven regelbundet enligt RF\u00b4s fem h\u00f6rnstenarna i Trygg Idrott<\/p>\n<ol class=\" hiq-p\" style=\"scroll-padding-top: 110px; font-family: proxima-nova, Arial, Helvetica, sans-serif; font-size: 16px; line-height: 1.5; white-space: pre-wrap;\"><li style=\"scroll-padding-top: 110px;\">Trygghet: Skapa trygga och v\u00e4lkomnande milj\u00f6er<\/li>\n<li style=\"scroll-padding-top: 110px;\">Delaktighet: Erbjud delaktighet och inflytande<\/li>\n<li style=\"scroll-padding-top: 110px;\">Gl\u00e4dje: Fr\u00e4mja inre drivkraft och l\u00e5ngsiktig utveckling<\/li>\n<li style=\"scroll-padding-top: 110px;\">Allsidighet: M\u00f6jligg\u00f6r allsidigt och lekfullt idrottande<\/li>\n<li style=\"scroll-padding-top: 110px;\">H\u00e4lsa: Bidra till h\u00e4lsa och v\u00e4lbefinnande \u00f6ver tid<\/li>\n<\/ol>\n<p><!-- \/wp:paragraph --><\/p>\n<p><!-- wp:paragraph --><\/p>\n<p><\/p>\n<p><!-- \/wp:paragraph --><\/p>\n<p><!-- wp:paragraph --><\/p>\n<p><!-- \/wp:paragraph --><\/p>\n<p><!-- wp:paragraph --><\/p>\n<p><!-- \/wp:paragraph --><\/p>\t\t\t\t\t\t<\/div>\n\t\t\t\t<\/div>\n\t\t\t\t\t<\/div>\n\t\t<\/div>\n\t\t\t\t\t\t\t<\/div>\n\t\t<\/section>\n\t\t\t\t\t\t\t<\/div>\n\t\t","protected":false},"excerpt":{"rendered":"<p>Alla v\u00e5ra ledare har genomg\u00e5tt utbildning enligt Idrottsbrevets koncept och registerkontrolleras regelbundet enligt Riksidrottsf\u00f6rbundets (RF) riktlinjer. F\u00f6reningen har utarbetat krishanteringsplaner. Vi arbetar \u00e4ven regelbundet enligt RF\u00b4s fem h\u00f6rnstenarna i Trygg Idrott Trygghet: Skapa trygga och v\u00e4lkomnande milj\u00f6er Delaktighet: Erbjud delaktighet och inflytande Gl\u00e4dje: Fr\u00e4mja inre drivkraft och l\u00e5ngsiktig utveckling Allsidighet: M\u00f6jligg\u00f6r allsidigt och lekfullt idrottande [&hellip;]<\/p>\n","protected":false},"author":1,"featured_media":0,"parent":0,"menu_order":0,"comment_status":"closed","ping_status":"closed","template":"","meta":{"footnotes":""},"class_list":["post-1201","page","type-page","status-publish","hentry"],"_links":{"self":[{"href":"https:\/\/www.skovdesaints.com\/wordpress\/wp-json\/wp\/v2\/pages\/1201","targetHints":{"allow":["GET"]}}],"collection":[{"href":"https:\/\/www.skovdesaints.com\/wordpress\/wp-json\/wp\/v2\/pages"}],"about":[{"href":"https:\/\/www.skovdesaints.com\/wordpress\/wp-json\/wp\/v2\/types\/page"}],"author":[{"embeddable":true,"href":"https:\/\/www.skovdesaints.com\/wordpress\/wp-json\/wp\/v2\/users\/1"}],"replies":[{"embeddable":true,"href":"https:\/\/www.skovdesaints.com\/wordpress\/wp-json\/wp\/v2\/comments?post=1201"}],"version-history":[{"count":5,"href":"https:\/\/www.skovdesaints.com\/wordpress\/wp-json\/wp\/v2\/pages\/1201\/revisions"}],"predecessor-version":[{"id":1281,"href":"https:\/\/www.skovdesaints.com\/wordpress\/wp-json\/wp\/v2\/pages\/1201\/revisions\/1281"}],"wp:attachment":[{"href":"https:\/\/www.skovdesaints.com\/wordpress\/wp-json\/wp\/v2\/media?parent=1201"}],"curies":[{"name":"wp","href":"https:\/\/api.w.org\/{rel}","templated":true}]}}