{"id":377,"date":"2022-10-05T17:47:36","date_gmt":"2022-10-05T15:47:36","guid":{"rendered":"http:\/\/www.skovdesaints.com\/wordpress\/?page_id=377"},"modified":"2022-12-06T13:42:13","modified_gmt":"2022-12-06T12:42:13","slug":"resultat-statistik","status":"publish","type":"page","link":"http:\/\/www.skovdesaints.com\/wordpress\/resultat-statistik\/","title":{"rendered":"Resultat\/Statistik"},"content":{"rendered":"\t\t<div data-elementor-type=\"wp-page\" data-elementor-id=\"377\" class=\"elementor elementor-377\">\n\t\t\t\t\t\t\t\t\t<section class=\"elementor-section elementor-top-section elementor-element elementor-element-70b4b8e elementor-section-boxed elementor-section-height-default elementor-section-height-default\" data-id=\"70b4b8e\" data-element_type=\"section\">\n\t\t\t\t\t\t<div class=\"elementor-container elementor-column-gap-default\">\n\t\t\t\t\t<div class=\"elementor-column elementor-col-100 elementor-top-column elementor-element elementor-element-f18047d\" data-id=\"f18047d\" data-element_type=\"column\">\n\t\t\t<div class=\"elementor-widget-wrap elementor-element-populated\">\n\t\t\t\t\t\t\t\t<div class=\"elementor-element elementor-element-b4af774 elementor-widget elementor-widget-text-editor\" data-id=\"b4af774\" data-element_type=\"widget\" data-widget_type=\"text-editor.default\">\n\t\t\t\t<div class=\"elementor-widget-container\">\n\t\t\t<style>\/*! elementor - v3.18.0 - 20-12-2023 *\/\n.elementor-widget-text-editor.elementor-drop-cap-view-stacked .elementor-drop-cap{background-color:#69727d;color:#fff}.elementor-widget-text-editor.elementor-drop-cap-view-framed .elementor-drop-cap{color:#69727d;border:3px solid;background-color:transparent}.elementor-widget-text-editor:not(.elementor-drop-cap-view-default) .elementor-drop-cap{margin-top:8px}.elementor-widget-text-editor:not(.elementor-drop-cap-view-default) .elementor-drop-cap-letter{width:1em;height:1em}.elementor-widget-text-editor .elementor-drop-cap{float:left;text-align:center;line-height:1;font-size:50px}.elementor-widget-text-editor .elementor-drop-cap-letter{display:inline-block}<\/style>\t\t\t\t<p>Statistik och resultat tom 2019:\u00a0<\/p><p><span style=\"font-size: inherit; text-align: inherit; color: var( --e-global-color-text ); font-family: var( --e-global-typography-text-font-family ), Sans-serif; font-weight: var( --e-global-typography-text-font-weight );\"><a href=\"http:\/\/www.heatstat.se\/SWE\" target=\"_blank\" rel=\"noopener\">http:\/\/www.heatstat.se\/SWE<\/a><\/span><\/p><p>Statistik och resultat from 2020:<\/p><p><span style=\"font-size: inherit; text-align: inherit; color: var( --e-global-color-text ); font-family: var( --e-global-typography-text-font-family ), Sans-serif; font-weight: var( --e-global-typography-text-font-weight );\"><a href=\"https:\/\/stats.baseboll-softboll.se\/\" target=\"_blank\" rel=\"noopener\">https:\/\/stats.baseboll-softboll.se\/<\/a><\/span><\/p>\t\t\t\t\t\t<\/div>\n\t\t\t\t<\/div>\n\t\t\t\t\t<\/div>\n\t\t<\/div>\n\t\t\t\t\t\t\t<\/div>\n\t\t<\/section>\n\t\t\t\t<section class=\"elementor-section elementor-top-section elementor-element elementor-element-b975e6d elementor-section-boxed elementor-section-height-default elementor-section-height-default\" data-id=\"b975e6d\" data-element_type=\"section\">\n\t\t\t\t\t\t<div class=\"elementor-container elementor-column-gap-default\">\n\t\t\t\t\t<div class=\"elementor-column elementor-col-100 elementor-top-column elementor-element elementor-element-f11f3fe\" data-id=\"f11f3fe\" data-element_type=\"column\">\n\t\t\t<div class=\"elementor-widget-wrap elementor-element-populated\">\n\t\t\t\t\t\t\t\t<div class=\"elementor-element elementor-element-64687fb elementor-widget elementor-widget-text-editor\" data-id=\"64687fb\" data-element_type=\"widget\" data-widget_type=\"text-editor.default\">\n\t\t\t\t<div class=\"elementor-widget-container\">\n\t\t\t\t\t\t\t<h1><span lang=\"SV\" style=\"font-family: 'Arial',sans-serif;\">Statistik<\/span><\/h1><p><span lang=\"SV\" style=\"font-family: 'Arial',sans-serif;\">Statistik och baseboll\/softboll \u00e4r som bror och syster och har f\u00f6ljt varandra sedan sporterna blev etablerade. Statistiken som sammanst\u00e4lls omfattar olika kategorier, oftast matchresultat, lagresultat och individuella resultat\/prestationer.<\/span><\/p><p><span lang=\"SV\" style=\"font-family: 'Arial',sans-serif;\">En av de vanligaste statistikrapporterna \u00e4r den s\u00e5 kallade \u201dBoxscoren\u201d. Den kan man kalla matchens slutrapport. Den skapar struktur och ordning och ett vant \u00f6ga kan i boxscoren snabbt \u201dspela igenom\u201d matchen utan att f\u00f6r den skull ha sett den. I boxscoren kan man utl\u00e4sa det mesta av de olika kategorierna, fr\u00e5n slagordning till eventuella spelarbyten, hits, homeruns och andra prestationer.<\/span><\/p><p><span lang=\"SV\" style=\"font-family: 'Arial',sans-serif;\">Den allra f\u00f6rsta boxscoren presenterades i tidningen \u201dThe New York Klipper\u201d 16:e juli 1853 och s\u00e5g ut s\u00e5 h\u00e4r.<\/span><\/p><p><span lang=\"SV\" style=\"font-family: 'Arial',sans-serif;\">\u00a0<\/span><\/p><p style=\"text-align: center;\"><span lang=\"SV\" style=\"font-family: 'Arial',sans-serif;\"><img fetchpriority=\"high\" decoding=\"async\" class=\"aligncenter size-medium wp-image-1239\" src=\"http:\/\/www.skovdesaints.com\/wordpress\/wp-content\/uploads\/2022\/12\/318183726_1526704991176160_798292938880855250_n-194x300.png\" alt=\"\" width=\"194\" height=\"300\" srcset=\"http:\/\/www.skovdesaints.com\/wordpress\/wp-content\/uploads\/2022\/12\/318183726_1526704991176160_798292938880855250_n-194x300.png 194w, http:\/\/www.skovdesaints.com\/wordpress\/wp-content\/uploads\/2022\/12\/318183726_1526704991176160_798292938880855250_n.png 258w\" sizes=\"(max-width: 194px) 100vw, 194px\" \/>Den f\u00f6rsta boxscoren i en dagstidnining<\/span><\/p><p>\u00a0<\/p><p class=\"MsoNormal\"><span lang=\"SV\" style=\"font-family: 'Arial',sans-serif;\">\u00a0Den har sedan utvecklats och har i princip standardiserats och kan numera se ut s\u00e5 h\u00e4r:<\/span><\/p><p style=\"text-align: center;\"><img decoding=\"async\" class=\"aligncenter size-medium wp-image-1231\" src=\"http:\/\/www.skovdesaints.com\/wordpress\/wp-content\/uploads\/2022\/12\/318168570_837606630906455_4731476103549103889_n-174x300.jpg\" alt=\"\" width=\"174\" height=\"300\" srcset=\"http:\/\/www.skovdesaints.com\/wordpress\/wp-content\/uploads\/2022\/12\/318168570_837606630906455_4731476103549103889_n-174x300.jpg 174w, http:\/\/www.skovdesaints.com\/wordpress\/wp-content\/uploads\/2022\/12\/318168570_837606630906455_4731476103549103889_n-595x1024.jpg 595w, http:\/\/www.skovdesaints.com\/wordpress\/wp-content\/uploads\/2022\/12\/318168570_837606630906455_4731476103549103889_n-768x1322.jpg 768w, http:\/\/www.skovdesaints.com\/wordpress\/wp-content\/uploads\/2022\/12\/318168570_837606630906455_4731476103549103889_n-893x1536.jpg 893w, http:\/\/www.skovdesaints.com\/wordpress\/wp-content\/uploads\/2022\/12\/318168570_837606630906455_4731476103549103889_n.jpg 1190w\" sizes=\"(max-width: 174px) 100vw, 174px\" \/>Modern Boxscore<\/p><p>N\u00e4r det g\u00e4ller spelarstatistiken s\u00e5 kan den anv\u00e4ndas f\u00f6r att utv\u00e4rdera en spelares egna resultat, b\u00e5de under det innevarande \u00e5ret och j\u00e4mf\u00f6ra med andra \u00e5r. Resultaten\/prestationerna kan ocks\u00e5 naturligtvis j\u00e4mf\u00f6ras med andra spelare.<\/p><p>Ett tillf\u00e4lle som ett lag kan utnyttja insamlad statistik \u00e4r till exempel om slagmannen \u00e4r h\u00f6ger eller v\u00e4nsterh\u00e4nt. Vissa slagm\u00e4n kan ha en tendens att f\u00f6r det mesta sl\u00e5 bollen i en speciell riktning. D\u00e5 kan man st\u00e4lla upp f\u00f6rsvaret p\u00e5 ett l\u00e4mpligt s\u00e4tt.<\/p><p>I Major Leauge Baseball har denna statistiskt framtagna taktik till och med g\u00e5tt s\u00e5 l\u00e5ngt, att man fr\u00e5n och med s\u00e4songen 2023 har f\u00f6rbjudit lagen att g\u00f6ra strategiska f\u00f6rflyttningar och drastiskt placera om dom defensiva spelarnas uppst\u00e4llning p\u00e5 planen. (sk. defensive shift).<\/p><p>Likadant kan man byta in pitchers mot slagm\u00e4n som man med statistikens hj\u00e4lp ser sl\u00e5r s\u00e4mre mot denna pitcher. Statistiken kan dirigera taktiken p\u00e5 m\u00e5nga olika s\u00e4tt.<\/p><h4>Baseboll filmer med statistiskt manus<\/h4><p>Filmen \u201dMoneyball\u201d, med Brad Pitt som Oakland Athletics GM Billy Beane och Jonah Hill som spelar hans statistiskt besatta assistent Peter Brand, handlar om hur man med ett lag med i princip inga ekonomiska resurser alls, statistiskt f\u00f6rs\u00f6ker hitta de duktiga \u201dl\u00e5gl\u00f6nespelarna\u201d som hamnat under radarn och \u00e4nd\u00e5 bli sportsligt framg\u00e5ngsrik.<\/p><p>Peter Brand menar i b\u00f6rjan p\u00e5 filmen, att klubbledningar tror att spelare i sig g\u00f6r att man f\u00e5r framg\u00e5ngar. Han anser att klubbledningar inte ska koncentrera sig p\u00e5 att k\u00f6pa spelare utan som han s\u00e4ger \u201d-k\u00f6pa vinster, och f\u00f6r att kunna k\u00f6pa vinster m\u00e5ste du k\u00f6pa po\u00e4ng (runs)\u201d, dvs skaffa spelare som kommer ut p\u00e5 bas och springer in po\u00e4ng. F\u00f6r att Athletics ska kunna dammsuga marknaden med dessa \u201dbilliga\u201d spelare har han till sin hj\u00e4lp utvecklat en statistisk datamodell som levererar de n\u00f6dv\u00e4ndiga nyckeltalen.<\/p><p style=\"text-align: center;\"><img decoding=\"async\" class=\"aligncenter size-medium wp-image-1235\" src=\"http:\/\/www.skovdesaints.com\/wordpress\/wp-content\/uploads\/2022\/12\/318302886_901517691224048_7696501744514595586_n-300x200.jpg\" alt=\"\" width=\"300\" height=\"200\" srcset=\"http:\/\/www.skovdesaints.com\/wordpress\/wp-content\/uploads\/2022\/12\/318302886_901517691224048_7696501744514595586_n-300x200.jpg 300w, http:\/\/www.skovdesaints.com\/wordpress\/wp-content\/uploads\/2022\/12\/318302886_901517691224048_7696501744514595586_n-1024x683.jpg 1024w, http:\/\/www.skovdesaints.com\/wordpress\/wp-content\/uploads\/2022\/12\/318302886_901517691224048_7696501744514595586_n-768x512.jpg 768w, http:\/\/www.skovdesaints.com\/wordpress\/wp-content\/uploads\/2022\/12\/318302886_901517691224048_7696501744514595586_n-1536x1024.jpg 1536w, http:\/\/www.skovdesaints.com\/wordpress\/wp-content\/uploads\/2022\/12\/318302886_901517691224048_7696501744514595586_n.jpg 2048w\" sizes=\"(max-width: 300px) 100vw, 300px\" \/>Billy och Peter<\/p><p><span lang=\"SV\" style=\"font-family: 'Arial',sans-serif;\">I filmen \u201dBull Durham\u201d s\u00e5 \u00e4r den duktiga supertalangen, men orutinerade pitchern <\/span><span lang=\"SV\" style=\"font-size: 10.5pt; line-height: 107%; font-family: 'Arial',sans-serif; color: #0f0f0f;\">Nuke LaLoosh (Tim Robbins), ett Major Leauge material som klubbledningen anser beh\u00f6ver en stadig ledare f\u00f6r att utvecklas. Detta uppdrag har hamnat p\u00e5 catchern Crash Davis (Kevin Costner) bord.<\/span><\/p><p><span lang=\"SV\" style=\"font-size: 10.5pt; line-height: 107%; font-family: 'Arial',sans-serif; color: #0f0f0f;\">Nuke sl\u00e5r nytt strikeout rekord i ligan med 18 K\u00b4s i en match, plus allt annat han tr\u00e4ffat n\u00e4r han pitchat. Inte bara nytt rekord i hit batsmen (tr\u00e4ffat slagmannen med en pitch = inte till\u00e5tet), utan ocks\u00e5 klubbens speaker en g\u00e5ng och klubbens maskot 2 g\u00e5nger!<\/span><\/p><p><span lang=\"SV\" style=\"font-size: 10.5pt; line-height: 107%; font-family: 'Arial',sans-serif; color: #0f0f0f;\">N\u00e4r Nuke pl\u00f6tsligt blir befordrad och b\u00f6rjar pitcha f\u00f6r ett MLB lag mitt i under s\u00e4songen kan nu Crash, som har en romantisk aff\u00e4r med Durhamns protokollf\u00f6rare Annie (Susan Sarandon), koncentrera sig p\u00e5 sina egna prestationer och jagar rekordet f\u00f6r totalt antal slagna Homeruns f\u00f6r catchers i g\u00e4rdsg\u00e5rdsligan.<\/span><\/p><p style=\"text-align: center;\"><img loading=\"lazy\" decoding=\"async\" class=\"aligncenter size-medium wp-image-1233\" src=\"http:\/\/www.skovdesaints.com\/wordpress\/wp-content\/uploads\/2022\/12\/318178111_6460849497263645_3924820848294884956_n-300x169.jpg\" alt=\"\" width=\"300\" height=\"169\" srcset=\"http:\/\/www.skovdesaints.com\/wordpress\/wp-content\/uploads\/2022\/12\/318178111_6460849497263645_3924820848294884956_n-300x169.jpg 300w, http:\/\/www.skovdesaints.com\/wordpress\/wp-content\/uploads\/2022\/12\/318178111_6460849497263645_3924820848294884956_n-768x432.jpg 768w, http:\/\/www.skovdesaints.com\/wordpress\/wp-content\/uploads\/2022\/12\/318178111_6460849497263645_3924820848294884956_n.jpg 1000w\" sizes=\"(max-width: 300px) 100vw, 300px\" \/>Nuke och Crash<\/p><h4>SBSF:s matchrapportering<\/h4><p>Svensk baseboll och softboll b\u00f6rjade sin internetbaserade matchrapportering \u00e5r 2003 respektive 2004.<\/p><p>Efter ett par \u00e5r b\u00f6rjade klubbarna f\u00e5 rutin p\u00e5 att skriva in matchrapporterna. Plattformen hette Heatstat och har varit ett bra verktyg att presentera matchrapporter. Nackdelen var att man var tvungen att tolka ett skrivet matchprotokoll och f\u00f6ra in siffrorna manuellt.<\/p><p style=\"text-align: center;\"><img loading=\"lazy\" decoding=\"async\" class=\"aligncenter size-medium wp-image-1237\" src=\"http:\/\/www.skovdesaints.com\/wordpress\/wp-content\/uploads\/2022\/12\/318302891_645653797352804_3593177182494355382_n-252x300.jpg\" alt=\"\" width=\"252\" height=\"300\" srcset=\"http:\/\/www.skovdesaints.com\/wordpress\/wp-content\/uploads\/2022\/12\/318302891_645653797352804_3593177182494355382_n-252x300.jpg 252w, http:\/\/www.skovdesaints.com\/wordpress\/wp-content\/uploads\/2022\/12\/318302891_645653797352804_3593177182494355382_n.jpg 736w\" sizes=\"(max-width: 252px) 100vw, 252px\" \/><span lang=\"SV\" style=\"font-size: 10.5pt; line-height: 107%; font-family: 'Arial',sans-serif; mso-fareast-font-family: Calibri; mso-fareast-theme-font: minor-latin; color: #0f0f0f; mso-ansi-language: SV; mso-fareast-language: EN-US; mso-bidi-language: AR-SA;\">Babe Ruth manuellt bokf\u00f6rda stats<\/span><\/p><p>Fr\u00e5n och med 2021 s\u00e5 anv\u00e4nder klubbarna nu regelbundet en app som heter MyBallClub, i vilken man protokollf\u00f6r matcherna direkt i appen och d\u00e4r man kan f\u00f6lja matcherna live playbyplay och \u00e4ven f\u00e5 uppdaterad s\u00e4songs statistik, vilket avsev\u00e4rt har avlastat och sparat jobb f\u00f6r matchfunktion\u00e4rerna.<\/p><p>Du kan sj\u00e4lv studera matchresultat, boxscoren och statistik f\u00f6r b\u00e5de basebollen och softbollen med l\u00e4nkarna ovan.<\/p><p>Vad betyder de olika kategorierna som tex. AB, H osv?<\/p><p>F\u00f6rklaringar h\u00e4r nedan:<\/p><p>\u00a0<\/p><pre><em><strong>Lars Bengtsson,\u00a0<\/strong><\/em><br \/><em><strong>Grundare av Sk\u00f6vde Saints &amp; hobby statistiker<\/strong><\/em><\/pre><p>\u00a0<\/p><p><img loading=\"lazy\" decoding=\"async\" class=\"alignleft size-full wp-image-1251\" src=\"http:\/\/www.skovdesaints.com\/wordpress\/wp-content\/uploads\/2022\/12\/Hitting.png\" alt=\"\" width=\"983\" height=\"364\" srcset=\"http:\/\/www.skovdesaints.com\/wordpress\/wp-content\/uploads\/2022\/12\/Hitting.png 983w, http:\/\/www.skovdesaints.com\/wordpress\/wp-content\/uploads\/2022\/12\/Hitting-300x111.png 300w, http:\/\/www.skovdesaints.com\/wordpress\/wp-content\/uploads\/2022\/12\/Hitting-768x284.png 768w\" sizes=\"(max-width: 983px) 100vw, 983px\" \/><\/p><p>\u00a0<\/p><p><img loading=\"lazy\" decoding=\"async\" class=\"alignleft size-full wp-image-1249\" src=\"http:\/\/www.skovdesaints.com\/wordpress\/wp-content\/uploads\/2022\/12\/Fielding.png\" alt=\"\" width=\"990\" height=\"115\" srcset=\"http:\/\/www.skovdesaints.com\/wordpress\/wp-content\/uploads\/2022\/12\/Fielding.png 990w, http:\/\/www.skovdesaints.com\/wordpress\/wp-content\/uploads\/2022\/12\/Fielding-300x35.png 300w, http:\/\/www.skovdesaints.com\/wordpress\/wp-content\/uploads\/2022\/12\/Fielding-768x89.png 768w\" sizes=\"(max-width: 990px) 100vw, 990px\" \/><\/p><p>\u00a0<\/p><p><img loading=\"lazy\" decoding=\"async\" class=\"alignleft size-full wp-image-1253\" src=\"http:\/\/www.skovdesaints.com\/wordpress\/wp-content\/uploads\/2022\/12\/Pitching.png\" alt=\"\" width=\"833\" height=\"363\" srcset=\"http:\/\/www.skovdesaints.com\/wordpress\/wp-content\/uploads\/2022\/12\/Pitching.png 833w, http:\/\/www.skovdesaints.com\/wordpress\/wp-content\/uploads\/2022\/12\/Pitching-300x131.png 300w, http:\/\/www.skovdesaints.com\/wordpress\/wp-content\/uploads\/2022\/12\/Pitching-768x335.png 768w\" sizes=\"(max-width: 833px) 100vw, 833px\" \/><\/p><p>\u00a0<\/p>\t\t\t\t\t\t<\/div>\n\t\t\t\t<\/div>\n\t\t\t\t\t<\/div>\n\t\t<\/div>\n\t\t\t\t\t\t\t<\/div>\n\t\t<\/section>\n\t\t\t\t\t\t\t<\/div>\n\t\t","protected":false},"excerpt":{"rendered":"<p>Statistik och resultat tom 2019:\u00a0 http:\/\/www.heatstat.se\/SWE Statistik och resultat from 2020: https:\/\/stats.baseboll-softboll.se\/ Statistik Statistik och baseboll\/softboll \u00e4r som bror och syster och har f\u00f6ljt varandra sedan sporterna blev etablerade. Statistiken som sammanst\u00e4lls omfattar olika kategorier, oftast matchresultat, lagresultat och individuella resultat\/prestationer. En av de vanligaste statistikrapporterna \u00e4r den s\u00e5 kallade \u201dBoxscoren\u201d. Den kan man kalla [&hellip;]<\/p>\n","protected":false},"author":1,"featured_media":0,"parent":0,"menu_order":0,"comment_status":"closed","ping_status":"closed","template":"","meta":{"footnotes":""},"class_list":["post-377","page","type-page","status-publish","hentry"],"_links":{"self":[{"href":"http:\/\/www.skovdesaints.com\/wordpress\/wp-json\/wp\/v2\/pages\/377","targetHints":{"allow":["GET"]}}],"collection":[{"href":"http:\/\/www.skovdesaints.com\/wordpress\/wp-json\/wp\/v2\/pages"}],"about":[{"href":"http:\/\/www.skovdesaints.com\/wordpress\/wp-json\/wp\/v2\/types\/page"}],"author":[{"embeddable":true,"href":"http:\/\/www.skovdesaints.com\/wordpress\/wp-json\/wp\/v2\/users\/1"}],"replies":[{"embeddable":true,"href":"http:\/\/www.skovdesaints.com\/wordpress\/wp-json\/wp\/v2\/comments?post=377"}],"version-history":[{"count":16,"href":"http:\/\/www.skovdesaints.com\/wordpress\/wp-json\/wp\/v2\/pages\/377\/revisions"}],"predecessor-version":[{"id":1259,"href":"http:\/\/www.skovdesaints.com\/wordpress\/wp-json\/wp\/v2\/pages\/377\/revisions\/1259"}],"wp:attachment":[{"href":"http:\/\/www.skovdesaints.com\/wordpress\/wp-json\/wp\/v2\/media?parent=377"}],"curies":[{"name":"wp","href":"https:\/\/api.w.org\/{rel}","templated":true}]}}